{"id":34903,"date":"2022-04-15T15:15:48","date_gmt":"2022-04-15T14:15:48","guid":{"rendered":"https:\/\/www.academiaclinicadragao.com\/?page_id=34903"},"modified":"2022-04-15T16:24:53","modified_gmt":"2022-04-15T15:24:53","slug":"nutricionista-ana-goios","status":"publish","type":"page","link":"https:\/\/www.academiaclinicadragao.com\/en\/nutricionista-ana-goios\/","title":{"rendered":"Nutritionist Ana Goios"},"content":{"rendered":"<div data-elementor-type=\"wp-page\" data-elementor-id=\"34903\" class=\"elementor elementor-34903\">\n\t\t\t\t\t\t<div class=\"elementor-inner\">\n\t\t\t\t<div class=\"elementor-section-wrap\">\n\t\t\t\t\t\t\t\t\t<section class=\"wd-negative-gap elementor-section elementor-top-section elementor-element elementor-element-b1ef47c elementor-section-stretched elementor-section-boxed elementor-section-height-default elementor-section-height-default wd-section-disabled\" data-id=\"b1ef47c\" data-element_type=\"section\" data-settings=\"{&quot;jet_parallax_layout_list&quot;:[],&quot;stretch_section&quot;:&quot;section-stretched&quot;,&quot;background_background&quot;:&quot;classic&quot;}\">\n\t\t\t\t\t\t<div class=\"elementor-container elementor-column-gap-default\">\n\t\t\t\t\t\t\t<div class=\"elementor-row\">\n\t\t\t\t\t<div class=\"elementor-column elementor-col-100 elementor-top-column elementor-element elementor-element-33a0c54\" data-id=\"33a0c54\" data-element_type=\"column\">\n\t\t\t<div class=\"elementor-column-wrap elementor-element-populated\">\n\t\t\t\t\t\t\t<div class=\"elementor-widget-wrap\">\n\t\t\t\t\t\t<section class=\"wd-negative-gap elementor-section elementor-inner-section elementor-element elementor-element-247d654 elementor-section-boxed elementor-section-height-default elementor-section-height-default wd-section-disabled\" data-id=\"247d654\" data-element_type=\"section\" data-settings=\"{&quot;jet_parallax_layout_list&quot;:[]}\">\n\t\t\t\t\t\t<div class=\"elementor-container elementor-column-gap-default\">\n\t\t\t\t\t\t\t<div class=\"elementor-row\">\n\t\t\t\t\t<div class=\"elementor-column elementor-col-100 elementor-inner-column elementor-element elementor-element-c3ae3ba\" data-id=\"c3ae3ba\" data-element_type=\"column\">\n\t\t\t<div class=\"elementor-column-wrap elementor-element-populated\">\n\t\t\t\t\t\t\t<div class=\"elementor-widget-wrap\">\n\t\t\t\t\t\t<div class=\"elementor-element elementor-element-29f9539 elementor-widget elementor-widget-heading\" data-id=\"29f9539\" data-element_type=\"widget\" data-widget_type=\"heading.default\">\n\t\t\t\t<div class=\"elementor-widget-container\">\n\t\t\t<h5 class=\"elementor-heading-title elementor-size-default\">INSPIRING PROFESSIONALS<\/h5>\t\t<\/div>\n\t\t\t\t<\/div>\n\t\t\t\t<div class=\"elementor-element elementor-element-86a45cd elementor-widget elementor-widget-heading\" data-id=\"86a45cd\" data-element_type=\"widget\" data-widget_type=\"heading.default\">\n\t\t\t\t<div class=\"elementor-widget-container\">\n\t\t\t<h2 class=\"elementor-heading-title elementor-size-default\">MEET ANA GOIOS\n<\/h2>\t\t<\/div>\n\t\t\t\t<\/div>\n\t\t\t\t\t\t<\/div>\n\t\t\t\t\t<\/div>\n\t\t<\/div>\n\t\t\t\t\t\t\t\t<\/div>\n\t\t\t\t\t<\/div>\n\t\t<\/section>\n\t\t\t\t\t\t<\/div>\n\t\t\t\t\t<\/div>\n\t\t<\/div>\n\t\t\t\t\t\t\t\t<\/div>\n\t\t\t\t\t<\/div>\n\t\t<\/section>\n\t\t\t\t<section class=\"wd-negative-gap elementor-section elementor-top-section elementor-element elementor-element-d0b5d80 elementor-section-boxed elementor-section-height-default elementor-section-height-default wd-section-disabled\" data-id=\"d0b5d80\" data-element_type=\"section\" data-settings=\"{&quot;jet_parallax_layout_list&quot;:[]}\">\n\t\t\t\t\t\t<div class=\"elementor-container elementor-column-gap-default\">\n\t\t\t\t\t\t\t<div class=\"elementor-row\">\n\t\t\t\t\t<div class=\"elementor-column elementor-col-50 elementor-top-column elementor-element elementor-element-8fa237a wd-elementor-sticky-column\" data-id=\"8fa237a\" data-element_type=\"column\">\n\t\t\t<div class=\"elementor-column-wrap elementor-element-populated\">\n\t\t\t\t\t\t\t<div class=\"elementor-widget-wrap\">\n\t\t\t\t\t\t<div class=\"elementor-element elementor-element-d7cf6ba elementor-widget elementor-widget-image\" data-id=\"d7cf6ba\" data-element_type=\"widget\" data-widget_type=\"image.default\">\n\t\t\t\t<div class=\"elementor-widget-container\">\n\t\t\t\t\t\t\t\t<div class=\"elementor-image\">\n\t\t\t\t\t\t\t\t\t\t\t\t<img loading=\"lazy\" decoding=\"async\" width=\"600\" height=\"900\" src=\"https:\/\/www.academiaclinicadragao.com\/wp-content\/themes\/woodmart\/images\/lazy.png\" class=\"attachment-full size-full wp-image-370 wd-lazy-load wd-lazy-fade\" alt=\"\" srcset=\"\" sizes=\"(max-width: 600px) 100vw, 600px\" data-wood-src=\"https:\/\/www.academiaclinicadragao.com\/wp-content\/uploads\/2022\/03\/Ana-Goios.jpg\" data-srcset=\"https:\/\/www.academiaclinicadragao.com\/wp-content\/uploads\/2022\/03\/Ana-Goios.jpg 600w, https:\/\/www.academiaclinicadragao.com\/wp-content\/uploads\/2022\/03\/Ana-Goios-150x225.jpg 150w, https:\/\/www.academiaclinicadragao.com\/wp-content\/uploads\/2022\/03\/Ana-Goios-200x300.jpg 200w\" \/>\t\t\t\t\t\t\t\t\t\t\t\t\t\t<\/div>\n\t\t\t\t\t\t<\/div>\n\t\t\t\t<\/div>\n\t\t\t\t\t\t<\/div>\n\t\t\t\t\t<\/div>\n\t\t<\/div>\n\t\t\t\t<div class=\"elementor-column elementor-col-50 elementor-top-column elementor-element elementor-element-0de99f1\" data-id=\"0de99f1\" data-element_type=\"column\">\n\t\t\t<div class=\"elementor-column-wrap elementor-element-populated\">\n\t\t\t\t\t\t\t<div class=\"elementor-widget-wrap\">\n\t\t\t\t\t\t<div class=\"elementor-element elementor-element-4b72fbd color-scheme-inherit text-left elementor-widget elementor-widget-text-editor\" data-id=\"4b72fbd\" data-element_type=\"widget\" data-widget_type=\"text-editor.default\">\n\t\t\t\t<div class=\"elementor-widget-container\">\n\t\t\t\t\t\t\t\t<div class=\"elementor-text-editor elementor-clearfix\">\n\t\t\t\t<h6>EDUCATION<\/h6><p><span style=\"color: #1478fa;\">2014-present\u00a0\u00a0\u00a0\u00a0<\/span><\/p><p><strong>PhD in Food Consumption and Nutritional Sciences<\/strong><\/p><p>Thesis: Study and validation of urinary biomarkers of dietary intake\/exposure | Faculty of Nutrition and Food Sciences of University of Porto (FCNAUP)<\/p><p><span style=\"color: #1478fa;\">2009-2013<\/span><\/p><p><strong>Degree in Nutritional Sciences\u00a0<\/strong>| Final grade: 18\/20 | Thesis:\u00a0<strong>Food Portion Sizes\u00a0<\/strong>(grid: 19\/20) | FCNAUP<\/p><p><span style=\"color: #1478fa;\">2011-2012<\/span><\/p><p><strong>Erasmus Program<\/strong>\u00a0| Universidad Pablo de\u00a0<em>Olavide<\/em>Seville, Spain<\/p><h6><strong>PROFESSIONAL EXPERIENCE<\/strong><\/h6><p><span style=\"color: #1478fa;\">2018-present\u00a0\u00a0<\/span><\/p><p><strong>NUTRITIONIST &amp; FOOD SCIENTIST<\/strong><\/p><p>Prozis, Maia, Portugal<\/p><p>Formulation development of sports supplements and food products at R&amp;D Nutrition Product Development<\/p><p>Management of Prozis Professional Brand and technical support of football clubs and commercial partners<\/p><p><span style=\"color: #1478fa;\">2017-present<\/span><\/p><p><strong>LECTURER IN SPORT AND NUTRITION SCIENCES<\/strong><\/p><p>Cl\u00ednica Sa\u00fade Atl\u00e2ntica, Espregueira-Mendes Sports Centre, FIFA Medical Centre of Excellence, Porto, Portugal<\/p><p>1<sup>st<\/sup>\u00a0to 7<sup>th<\/sup>\u00a0Ed.: Workshop \"<strong>Sports Nutrition: from Theory to the Kitchen<\/strong>\"<\/p><p>1<sup>st<\/sup>\u00a0and 2<sup>nd<\/sup>\u00a0Ed.: Workshop \"<strong>Sports Nutrition: from theory to practice - 100% Vegan<\/strong>\"<\/p><p>Course \"<strong>Running: Medicine, Physiology, Training and Nutrition<\/strong>\"<\/p><p>Course\u00a0<strong>\"Nutrition &amp; Health for the Female Athlete\"<\/strong><\/p><p>Bwizer, Porto, Portugal<\/p><p>Advanced Nutrition Course\u00a0<strong>\"Sports Nutrition for the Female Athletes\"<\/strong><\/p><p><strong>\"Plant-based protein: what are the best food sources?\"\u00a0<\/strong>| Sports Nutrition International Congress<\/p><p>\"<strong>Vegetarian Diets in Athletes<\/strong>\"Sports Nutrition Online Seminar<\/p><p>CESPU Training, Gandra, Paredes, Portugal<\/p><p>Curricular Unit \"<strong>The Female Athlete: Nutritional Considerations<\/strong>\"I Sports Nutrition - Postgraduate Course<\/p><p>Curricular Unit \"<strong>The Vegetarian Athlete: Nutritional Considerations<\/strong>\"I Sports Nutrition - Postgraduate Course<\/p><p>Curricular Unit \"<strong>Sports Nutrition<\/strong>\"I Physiology and Clinical Exercise - Postgraduate Course, 3rd and 4th<sup>th<\/sup>\u00a0Edition (Ed.)<\/p><p>Faculty of Medicine of University of Porto, Porto, Portugal<\/p><p>\"<strong>Sports Nutrition through the life cycle<\/strong>\"I Clinical Nutrition on General Family Medicine Course, 3<sup>rd<\/sup>\u00a0to 5<sup>th<\/sup>\u00a0Ed.<\/p><p>Rowing National Federation, Portugal<\/p><p>Module \"<strong>Nutrition, Training and Competition<\/strong>\"I Coaches Training Course - Level II<\/p><p><span style=\"color: #1478fa;\">2014-present<\/span><\/p><p><strong>CLINICAL AND SPORTS NUTRITIONIST<\/strong><\/p><p>MyoClinic, Vila Nova de Gaia, Porto, Portugal<\/p><p>NutriBalance, Solu\u00e7\u00f5es Integradas de Emagrecimento, S.A., Porto, Portugal<\/p><p><span style=\"color: #1478fa;\">2014-2015<\/span><\/p><p><strong>RESEARCHER IN PUBLIC HEALTH NUTRITION<\/strong><\/p><p>Faculty of Medicine of University of Porto \/ ISPUP-EPIUnit, Porto, Portugal<\/p><p>National Food, Nutrition and Physical Activity Survey: assessment of food consumption and physical activity behaviors<\/p><p><span style=\"color: #1478fa;\">2013-2014<\/span><\/p><p><strong>NUTRITIONIST<\/strong><\/p><p>Porto City Council, Education Department, Porto, Portugal<\/p><p><span style=\"color: #1478fa;\">2013-2014<\/span><\/p><p><strong>SPORTS NUTRITIONIST<\/strong><\/p><p>Futebol Clube do Porto - Dragon Force, Porto, Portugal<\/p><p><span style=\"color: #1478fa;\">2013<\/span><\/p><p><strong>NUTRITIONIST [curricular internship]<\/strong><\/p><p>Eurest Portugal, Lda., Oporto, Portugal<\/p><h6><strong>PUBLICATIONS<br \/><\/strong><\/h6><p>Goios A, Severo M, Lloyd J A, Magalh\u00e3es V, Lopes C, Torres D (2020).\u00a0<em>Validation of a new software eAT24 used to assess dietary intake in the adult Portuguese population.\u00a0<\/em>Public Health Nutrition<\/p><p>DOI:\u00a0<a href=\"https:\/\/doi.org\/10.1017\/S1368980020001044\">https:\/\/doi.org\/10.1017\/S1368980020001044<\/a><\/p><p>Goios A, Pereira R, Monteiro A I, Gon\u00e7alves M, Espregueira-Mendes J (2020).\u00a0<em>The Vegetarian Athlete: Nutritional Considerations.<\/em>\u00a0Rev. Medicina Desportiva Informa; 11(2):28-30.<\/p><p>DOI:\u00a0<a href=\"https:\/\/doi.org\/10.23911\/clinica_dragao_2020_3\">https:\/\/doi.org\/10.23911\/clinica_dragao_2020_3<\/a><\/p><p>Leite AC, Goios A, Mendes AP, Pinto E, Barbosa M, Abrantes R, Pinh\u00e3o S, Carvalho T (2019).\u00a0<em>Manual of Food Equivalents<\/em>. 1st Edition, Portuguese Association of Nutrition, Porto I ISBN: 978-989-8631-44-2<\/p><p>Goios A, Liz Martins M, Oliveira AC, Afonso C, Amaral T. (2019)\u00a0<em>Food Weights and Portions<\/em>. 3rd Edition, UP Edi\u00e7\u00f5es, Porto | ISBN: 978-989-746-212-2<\/p><p>Goios A, Liz Martins M, Oliveira AC, Afonso C, Amaral T. (2017)\u00a0<em>Food Weights and Portions<\/em>. 2nd Edition, UP Edi\u00e7\u00f5es, Porto | ISBN: 978-989-746-103-3<\/p><p>Goios A, Liz Martins M, Oliveira AC, Afonso C, Amaral T. (2014)\u00a0<em>Food Weights and Portions<\/em>. 1st Edition, Faculty of Nutritional Sciences, University of Porto | ISBN: 978-972-98406-1-6<\/p><h6><strong>ACADEMIC AWARDS<br \/><\/strong><\/h6><p>2013: University of Porto Merit Scholarship; 2<sup>nd<\/sup>\u00a0year on Degree in Nutritional Sciences, FCNAUP<\/p><p>2011: University of Porto Incentive Prize; 1<sup>st<\/sup>\u00a0year on Degree in Nutritional Sciences, FCNAUP<\/p>\t\t\t\t\t<\/div>\n\t\t\t\t\t\t<\/div>\n\t\t\t\t<\/div>\n\t\t\t\t\t\t<\/div>\n\t\t\t\t\t<\/div>\n\t\t<\/div>\n\t\t\t\t\t\t\t\t<\/div>\n\t\t\t\t\t<\/div>\n\t\t<\/section>\n\t\t\t\t<section class=\"wd-negative-gap elementor-section elementor-top-section elementor-element elementor-element-2c10429 elementor-section-boxed elementor-section-height-default elementor-section-height-default wd-section-disabled\" data-id=\"2c10429\" data-element_type=\"section\" data-settings=\"{&quot;jet_parallax_layout_list&quot;:[]}\">\n\t\t\t\t\t\t<div class=\"elementor-container elementor-column-gap-default\">\n\t\t\t\t\t\t\t<div class=\"elementor-row\">\n\t\t\t\t\t<div class=\"elementor-column elementor-col-100 elementor-top-column elementor-element elementor-element-7394dcc\" data-id=\"7394dcc\" data-element_type=\"column\">\n\t\t\t<div class=\"elementor-column-wrap elementor-element-populated\">\n\t\t\t\t\t\t\t<div class=\"elementor-widget-wrap\">\n\t\t\t\t\t\t<div data-dce-background-color=\"#FFFF33\" class=\"elementor-element elementor-element-09ad024 elementor-align-center elementor-widget elementor-widget-button\" data-id=\"09ad024\" data-element_type=\"widget\" data-widget_type=\"button.default\">\n\t\t\t\t<div class=\"elementor-widget-container\">\n\t\t\t\t\t<div class=\"elementor-button-wrapper\">\n\t\t\t<a href=\"https:\/\/www.academiaclinicadragao.com\/en\/hub-nutricao\/\" class=\"elementor-button-link elementor-button elementor-size-sm\" role=\"button\">\n\t\t\t\t\t\t<span class=\"elementor-button-content-wrapper\">\n\t\t\t\t\t\t<span class=\"elementor-button-text\">Back to Nutrition Hub<\/span>\n\t\t<\/span>\n\t\t\t\t\t<\/a>\n\t\t<\/div>\n\t\t\t\t<\/div>\n\t\t\t\t<\/div>\n\t\t\t\t\t\t<\/div>\n\t\t\t\t\t<\/div>\n\t\t<\/div>\n\t\t\t\t\t\t\t\t<\/div>\n\t\t\t\t\t<\/div>\n\t\t<\/section>\n\t\t\t\t\t\t\t\t\t<\/div>\n\t\t\t<\/div>\n\t\t\t\t\t<\/div>","protected":false},"excerpt":{"rendered":"<p>PROFESSIONAL INSPIRATORS MEET ANA GOIOS EDUCATION 2014-present PhD in Food Consumption and Nutritional Sciences Thesis: Study and validation of<\/p>","protected":false},"author":4,"featured_media":0,"parent":0,"menu_order":0,"comment_status":"closed","ping_status":"closed","template":"","meta":{"footnotes":""},"_links":{"self":[{"href":"https:\/\/www.academiaclinicadragao.com\/en\/wp-json\/wp\/v2\/pages\/34903"}],"collection":[{"href":"https:\/\/www.academiaclinicadragao.com\/en\/wp-json\/wp\/v2\/pages"}],"about":[{"href":"https:\/\/www.academiaclinicadragao.com\/en\/wp-json\/wp\/v2\/types\/page"}],"author":[{"embeddable":true,"href":"https:\/\/www.academiaclinicadragao.com\/en\/wp-json\/wp\/v2\/users\/4"}],"replies":[{"embeddable":true,"href":"https:\/\/www.academiaclinicadragao.com\/en\/wp-json\/wp\/v2\/comments?post=34903"}],"version-history":[{"count":0,"href":"https:\/\/www.academiaclinicadragao.com\/en\/wp-json\/wp\/v2\/pages\/34903\/revisions"}],"wp:attachment":[{"href":"https:\/\/www.academiaclinicadragao.com\/en\/wp-json\/wp\/v2\/media?parent=34903"}],"curies":[{"name":"wp","href":"https:\/\/api.w.org\/{rel}","templated":true}]}}