{"id":35239,"date":"2022-04-15T18:26:25","date_gmt":"2022-04-15T17:26:25","guid":{"rendered":"https:\/\/www.academiaclinicadragao.com\/?page_id=35239"},"modified":"2022-04-15T19:34:33","modified_gmt":"2022-04-15T18:34:33","slug":"nutricionista-marcia-goncalves","status":"publish","type":"page","link":"https:\/\/www.academiaclinicadragao.com\/en\/nutricionista-marcia-goncalves\/","title":{"rendered":"Nutritionist M\u00e1rcia Gon\u00e7alves"},"content":{"rendered":"<div data-elementor-type=\"wp-page\" data-elementor-id=\"35239\" class=\"elementor elementor-35239\">\n\t\t\t\t\t\t<div class=\"elementor-inner\">\n\t\t\t\t<div class=\"elementor-section-wrap\">\n\t\t\t\t\t\t\t\t\t<section class=\"wd-negative-gap elementor-section elementor-top-section elementor-element elementor-element-b1ef47c elementor-section-stretched elementor-section-boxed elementor-section-height-default elementor-section-height-default wd-section-disabled\" data-id=\"b1ef47c\" data-element_type=\"section\" data-settings=\"{&quot;jet_parallax_layout_list&quot;:[],&quot;stretch_section&quot;:&quot;section-stretched&quot;,&quot;background_background&quot;:&quot;classic&quot;}\">\n\t\t\t\t\t\t<div class=\"elementor-container elementor-column-gap-default\">\n\t\t\t\t\t\t\t<div class=\"elementor-row\">\n\t\t\t\t\t<div class=\"elementor-column elementor-col-100 elementor-top-column elementor-element elementor-element-33a0c54\" data-id=\"33a0c54\" data-element_type=\"column\">\n\t\t\t<div class=\"elementor-column-wrap elementor-element-populated\">\n\t\t\t\t\t\t\t<div class=\"elementor-widget-wrap\">\n\t\t\t\t\t\t<section class=\"wd-negative-gap elementor-section elementor-inner-section elementor-element elementor-element-247d654 elementor-section-boxed elementor-section-height-default elementor-section-height-default wd-section-disabled\" data-id=\"247d654\" data-element_type=\"section\" data-settings=\"{&quot;jet_parallax_layout_list&quot;:[]}\">\n\t\t\t\t\t\t<div class=\"elementor-container elementor-column-gap-default\">\n\t\t\t\t\t\t\t<div class=\"elementor-row\">\n\t\t\t\t\t<div class=\"elementor-column elementor-col-100 elementor-inner-column elementor-element elementor-element-c3ae3ba\" data-id=\"c3ae3ba\" data-element_type=\"column\">\n\t\t\t<div class=\"elementor-column-wrap elementor-element-populated\">\n\t\t\t\t\t\t\t<div class=\"elementor-widget-wrap\">\n\t\t\t\t\t\t<div class=\"elementor-element elementor-element-29f9539 elementor-widget elementor-widget-heading\" data-id=\"29f9539\" data-element_type=\"widget\" data-widget_type=\"heading.default\">\n\t\t\t\t<div class=\"elementor-widget-container\">\n\t\t\t<h5 class=\"elementor-heading-title elementor-size-default\">INSPIRING PROFESSIONALS<\/h5>\t\t<\/div>\n\t\t\t\t<\/div>\n\t\t\t\t<div class=\"elementor-element elementor-element-86a45cd elementor-widget elementor-widget-heading\" data-id=\"86a45cd\" data-element_type=\"widget\" data-widget_type=\"heading.default\">\n\t\t\t\t<div class=\"elementor-widget-container\">\n\t\t\t<h2 class=\"elementor-heading-title elementor-size-default\">MEET ANA ISABEL MONTEIRO\n<\/h2>\t\t<\/div>\n\t\t\t\t<\/div>\n\t\t\t\t\t\t<\/div>\n\t\t\t\t\t<\/div>\n\t\t<\/div>\n\t\t\t\t\t\t\t\t<\/div>\n\t\t\t\t\t<\/div>\n\t\t<\/section>\n\t\t\t\t\t\t<\/div>\n\t\t\t\t\t<\/div>\n\t\t<\/div>\n\t\t\t\t\t\t\t\t<\/div>\n\t\t\t\t\t<\/div>\n\t\t<\/section>\n\t\t\t\t<section class=\"wd-negative-gap elementor-section elementor-top-section elementor-element elementor-element-d0b5d80 elementor-section-boxed elementor-section-height-default elementor-section-height-default wd-section-disabled\" data-id=\"d0b5d80\" data-element_type=\"section\" data-settings=\"{&quot;jet_parallax_layout_list&quot;:[]}\">\n\t\t\t\t\t\t<div class=\"elementor-container elementor-column-gap-default\">\n\t\t\t\t\t\t\t<div class=\"elementor-row\">\n\t\t\t\t\t<div class=\"elementor-column elementor-col-50 elementor-top-column elementor-element elementor-element-8fa237a wd-elementor-sticky-column\" data-id=\"8fa237a\" data-element_type=\"column\">\n\t\t\t<div class=\"elementor-column-wrap elementor-element-populated\">\n\t\t\t\t\t\t\t<div class=\"elementor-widget-wrap\">\n\t\t\t\t\t\t<div class=\"elementor-element elementor-element-d7cf6ba elementor-widget elementor-widget-image\" data-id=\"d7cf6ba\" data-element_type=\"widget\" data-widget_type=\"image.default\">\n\t\t\t\t<div class=\"elementor-widget-container\">\n\t\t\t\t\t\t\t\t<div class=\"elementor-image\">\n\t\t\t\t\t\t\t\t\t\t\t\t<img loading=\"lazy\" decoding=\"async\" width=\"600\" height=\"1000\" src=\"https:\/\/www.academiaclinicadragao.com\/wp-content\/themes\/woodmart\/images\/lazy.png\" class=\"attachment-full size-full wp-image-32978 wd-lazy-load wd-lazy-fade\" alt=\"\" srcset=\"\" sizes=\"(max-width: 600px) 100vw, 600px\" data-wood-src=\"https:\/\/www.academiaclinicadragao.com\/wp-content\/uploads\/2022\/04\/marcia-goncalves.jpeg\" data-srcset=\"https:\/\/www.academiaclinicadragao.com\/wp-content\/uploads\/2022\/04\/marcia-goncalves.jpeg 600w, https:\/\/www.academiaclinicadragao.com\/wp-content\/uploads\/2022\/04\/marcia-goncalves-150x250.jpeg 150w, https:\/\/www.academiaclinicadragao.com\/wp-content\/uploads\/2022\/04\/marcia-goncalves-180x300.jpeg 180w\" \/>\t\t\t\t\t\t\t\t\t\t\t\t\t\t<\/div>\n\t\t\t\t\t\t<\/div>\n\t\t\t\t<\/div>\n\t\t\t\t\t\t<\/div>\n\t\t\t\t\t<\/div>\n\t\t<\/div>\n\t\t\t\t<div class=\"elementor-column elementor-col-50 elementor-top-column elementor-element elementor-element-0de99f1\" data-id=\"0de99f1\" data-element_type=\"column\">\n\t\t\t<div class=\"elementor-column-wrap elementor-element-populated\">\n\t\t\t\t\t\t\t<div class=\"elementor-widget-wrap\">\n\t\t\t\t\t\t<div class=\"elementor-element elementor-element-4b72fbd color-scheme-inherit text-left elementor-widget elementor-widget-text-editor\" data-id=\"4b72fbd\" data-element_type=\"widget\" data-widget_type=\"text-editor.default\">\n\t\t\t\t<div class=\"elementor-widget-container\">\n\t\t\t\t\t\t\t\t<div class=\"elementor-text-editor elementor-clearfix\">\n\t\t\t\t<h6><b>PROFESSIONAL PATH - NUTRITIONIST<\/b><\/h6><p><span style=\"color: #1478fa;\">JANUARY 2019 - CURRENT<\/span><br \/><strong>Clinical Nutrition<\/strong> in a private practice setting<br \/>Social Services of the University of Porto (SASUP) \/ PTMedical \/ Cl\u00ednica Av24 \/ Fisiokids \/ Invicta Medical Shop<\/p><p>Assessment of nutritional status based on clinical, biochemical, anthropometric and dietary data;<\/p><p>Nutritional prescription (therapeutic food plans) based on individual nutritional diagnosis;<\/p><p>Planning, analysis and re-evaluation of nutritional intervention;<\/p><p><span style=\"color: #1478fa;\">FEBRUARY 2019<\/span><br \/><strong>Consulting in the context of Group Feeding<\/strong><br \/>Restaurant \"Na Boca<\/p><p>Design of the menu and technical sheets, aiming at the nutritional adequacy of the meals served;<\/p><p><span style=\"color: #1478fa;\">NOVEMBER 2017 - MAY 2018<\/span><br \/>Professional internship for admission to the Portuguese Order of Nutritionists<br \/><strong>Clinical Nutrition<\/strong><br \/>Gym Lux - Health Club<\/p><p>Assessment of members' nutritional status, and individual nutritional prescription;<\/p><p>Planning, analysis, supervision and re-evaluation of therapy;<\/p><p><strong>R&amp;DNP \/ Nutrition Marketing<\/strong> (Research Grant)<br \/>Cergold Industries and Faculty of Nutrition and Food Sciences, University of Porto (FCNAUP)<\/p><p>Performing tests for the development of bread formulations, with emphasis on the nutritional profile;<\/p><p><span style=\"color: #1478fa;\">DECEMBER 2016 - FEBRUARY 2017<\/span><br \/>Development of nutrition labeling;<\/p><p><strong>Community Nutrition<\/strong><br \/>EEA Grants project \"Nutrition: playing, cooking, learning<\/p><p>Promotion and execution of food and nutrition education actions directed to school children, through an online platform;<\/p><p>Collected data, researched and developed content for TV show, book and website;<\/p><p><span style=\"color: #1478fa;\">FEBRUARY 2016 - JULY 2016<br \/><\/span><br \/>Curricular Internship in the Bachelor of Science in Nutrition<br \/><strong>Clinical Nutrition<\/strong><br \/>Vila Nova de Gaia\/Espinho Hospital Center<\/p><p>Evaluation of the nutritional status of inpatients of the Internal Medicine Service and outpatients of the Endocrinology Service;<\/p><p>Nutritional prescription (therapeutic food plans, enteral artificial nutrition, or inclusion of adapted foods);<\/p><p>Planning, analysis and re-evaluation of nutritional intervention;<\/p><p><strong>R&amp;DNP<\/strong><br \/>FCNAUP<\/p><p>Performing tests for the development of product formulations with Brassica (using fermentation and dehydration processes);<\/p><p>Preparation of technical-scientific product information (measurement of relevant analytical parameters, sensory analysis);<\/p><p>Development of nutrition labeling;<\/p><h6>CAREER PATH - FOOD TECHNOLOGY AND SCIENCE<\/h6><p><span style=\"color: #1478fa;\">OCTOBER 2019 - APRIL 2020<\/span><br \/>Curricular Internship in a Business Context in the scope of the Master in Food Science and Technology, in the area of <strong>Research and Development of New Products<\/strong> (I&amp;DNP)<br \/>Frulact<\/p><p>Conducting trials for the development of prototype products such as pre-prepared meals and protein-fortified snacks;<\/p><p>Preparation of technical-scientific product information (measurement of relevant analytical parameters, sensory analysis);<\/p><p><span style=\"color: #1478fa;\">JULY - AUGUST 2019<\/span><br \/>Development of nutrition labeling;<br \/>Summer Academy Internship in R&amp;DNP<br \/>Frulact<\/p><p>Performing tests for the development of a prototype of a pastry product, with minimization of its sugar and fat content;<\/p><p>Performing acceptability and preference tests;<\/p><p><span style=\"color: #1478fa;\">APRIL 2018<\/span><br \/>Development of nutrition labeling;<\/p><p><strong>Consulting in the context of Food Science<\/strong><br \/>Best of Mountain<\/p><p>Providing technical support and advice, acting as a link between innovation in the design of new products and food-related marketing;<\/p><p>Conducting trials for the development of a snack-type product (\"Granola Bites\"), with emphasis on its nutritional value, and monitoring the production phase;<\/p><p><span style=\"color: #1478fa;\">SEPTEMBER 2016 - JANUARY 2017<\/span><br \/>Development of nutrition labeling;<\/p><p><strong>R&amp;DNP<\/strong>Product development project based on legumes (Bean'go)<br \/>FCNAUP and Snood Foods<\/p><p>Conducting trials for the development of prototypes of a legume-based snack;<\/p><p>Elaboration of technical and scientific information about the products;<\/p><p>Development of nutrition labeling;<\/p><h6>ACADEMIC CAREER<\/h6><p><span style=\"color: #1478fa;\">SEPTEMBER 2018 - CURRENT<\/span><br \/><strong>Master in Food Science and Technology<\/strong> (graduate with an average final grade of 17 v.)<br \/>University of Minho and Faculty of Sciences, University of Porto<br \/><br \/><span style=\"color: #1478fa;\">2012 - 2016<\/span><br \/><strong>Bachelor of Science in Nutritional Sciences<\/strong> (final average score of 15 v.)<br \/>Faculty of Nutrition and Food Sciences, University of Porto<br \/><br \/><span style=\"color: #1478fa;\">2008 - 2011<\/span><\/p><p>Scientific-humanistic course in Science and Technology<br \/>Dr. Manuel Gomes de Almeida High School<\/p><h6>COMPLEMENTARY TRAINING<\/h6><p><span style=\"color: #1478fa;\">2017<\/span><br \/>Certificate of Pedagogical Skills (no. F662134\/2017).<br \/><br \/><span style=\"color: #1478fa;\">2015<\/span><br \/>Update Course on Body Composition and Nutritional Status Evaluation, at FCNAUP (7 h)<br \/><br \/><span style=\"color: #1478fa;\">2015<\/span><br \/>Intensive Course of Clinical Nutrition in Adults, by RHT - Personal Development and Training and Alnutri (20 h)<br \/><br \/><span style=\"color: #1478fa;\">2015<\/span><br \/>Professional Training Course: Nutrition and Supplementation in Sports, by Bwizer (14 h).<\/p><p><br \/><span style=\"color: #1478fa;\">2015<\/span><br \/>Course on Food Allergy at the Faculty of Medicine of the University of Porto (7 h).<\/p><h6>COMMUNICATIONS AND ACTIVITIES AS A TRAINER<\/h6><p><span style=\"color: #1478fa;\">DECEMBER 2019<\/span><br \/>Trainer of the practical workshop of the course \"Nutrition in Sports - From theory to cooking, vegan edition\" at Academia Cl\u00ednicas Espregueira<br \/><br \/><span style=\"color: #1478fa;\">NOVEMBER 2019<\/span><br \/>Presentation of the topic \"Vegetarian Food Pattern\" with the theme \"Supplementation, is it necessary?\" at the 14th Congress of the Portuguese Society of Nutrition and Food Sciences (SPCNA)<br \/><br \/><span style=\"color: #1478fa;\">JULY 2019<\/span><br \/>Presentation of the theme \"Vegetarian Food in Practice: Daily Food Care to ensure nutritional adequacy\" at Braga Book Fair<br \/><br \/><span style=\"color: #1478fa;\">MARCH 2019<\/span><br \/>Class \"Nutritional Considerations in Vegetarian Eating\" in the UC of Health and Food Consumption in the MSc in Consumer Sciences and Nutrition<br \/><br \/><span style=\"color: #1478fa;\">FEBRUARY 2018<\/span><br \/>Lecture to the students of the Degree in Dietetics and Nutrition of the Polytechnic Institute of Bragan\u00e7a on \"Vegetarian Nutrition: Nutrition Considerations, Health Outcomes and Practical Planning\", and 3 sessions of \"Vegetarian Cooking Workshop<br \/><br \/><span style=\"color: #1478fa;\">NOVEMBER 2017<\/span><br \/>Communication at the V ENA of the National Association of Nutrition Students, with the theme \"Myths about vegetarian food<\/p><p><br \/><span style=\"color: #1478fa;\">SEPTEMBER 2017<\/span><br \/>Communication at GEMMeeting - Gaia-Espinho Medical Meeting, with the theme \"Supplementation in Vegetarianism\".<\/p><p><br \/><span style=\"color: #1478fa;\">NOVEMBER 2016<\/span><br \/>Communication at the IV Nutrition and Dietetics Meeting of the National Association of Nutrition Students, with the theme \"Nutrition in Vegetarian\/Vegan Sportspeople\".<br \/><br \/><span style=\"color: #1478fa;\">SEPTEMBER 2016<\/span><br \/>Participation in the \"Pulses Seminar\" as co-author of the presentation \"Pulses in the formulation of new and old foods\".<br \/><br \/><span style=\"color: #1478fa;\">SINCE JUNE 2016<\/span><br \/>13 editions of the course \"Workshop on Vegetarian Cooking\" at FCNAUP, with presentation of the theme \"Nutritional Guidelines in Vegetarian Food\", and proposal of recipes prepared by the participants<br \/><br \/><span style=\"color: #1478fa;\">APRIL 2016<\/span><br \/>Communication of the theme \"Nutritional Guidelines for Vegetarian Diet in Adults\" at the XVIII Annual Congress of the Portuguese Association of Enteric and Parenteral Nutrition.<br \/><br \/><span style=\"color: #1478fa;\">DECEMBER 2015<\/span><br \/>Communication of the theme \"Vegetarian Nutrition in practice\" at the Symposium of the Portuguese Association for Enteric and Parenteral Nutrition held at the Centro Hospitalar do Porto.<\/p><h6>OTHER ACTIVITIES<\/h6><p>Website \"Compassionate Cuisine\":<br \/>Development, photography and writing of over 150 vegetarian recipes for the general public;<br \/><br \/>Development of written content in the area of vegetarian nutrition;<br \/><br \/>Culinary demonstrations (showcookings), and various cooking workshops;<br \/><br \/>Publication of the book \"Recipes with Passion\" in November 2017, published by Arteplural, Bertrand;<br \/><br \/>Collaboration with the \u00cdmpar section of the P\u00fablico newspaper in the publication of monthly revenues.<\/p><h6>AWARDS<\/h6><p>Ecotrophelia Portugal 2019 Finalist<\/p><h6>OTHER SKILLS<\/h6><p>Languages - English: User level B2<br \/>Driver's license: B and B1<\/p><h6>PUBLICATIONS<\/h6><p>Monteiro I, Trigueiro H, Gon\u00e7alves M. Particularities of the Nutritional approach in the vegetarian athlete. Acta Portuguesa de Nutri\u00e7\u00e3o 20 (2020) 32-37.<br \/><br \/>Project Nutrition: playing, cooking, learning (2018). Saud\u00e1veis e \u00e0 Portuguesa. Lisbon: Bertrand Editora Lda<br \/><br \/>Gon\u00e7alves, M. S. (2017). Recipes with Passion. Lisboa: Arteplural editions<br \/><br \/>Project Nutricience: playing, cooking, learning (2017). Nutrici\u00eancia \u00e0 mesa. Sta. Maria da Feira: Rainho &amp; Neves, Lda.<\/p>\t\t\t\t\t<\/div>\n\t\t\t\t\t\t<\/div>\n\t\t\t\t<\/div>\n\t\t\t\t\t\t<\/div>\n\t\t\t\t\t<\/div>\n\t\t<\/div>\n\t\t\t\t\t\t\t\t<\/div>\n\t\t\t\t\t<\/div>\n\t\t<\/section>\n\t\t\t\t<section class=\"wd-negative-gap elementor-section elementor-top-section elementor-element elementor-element-2c10429 elementor-section-boxed elementor-section-height-default elementor-section-height-default wd-section-disabled\" data-id=\"2c10429\" data-element_type=\"section\" data-settings=\"{&quot;jet_parallax_layout_list&quot;:[]}\">\n\t\t\t\t\t\t<div class=\"elementor-container elementor-column-gap-default\">\n\t\t\t\t\t\t\t<div class=\"elementor-row\">\n\t\t\t\t\t<div class=\"elementor-column elementor-col-100 elementor-top-column elementor-element elementor-element-7394dcc\" data-id=\"7394dcc\" data-element_type=\"column\">\n\t\t\t<div class=\"elementor-column-wrap elementor-element-populated\">\n\t\t\t\t\t\t\t<div class=\"elementor-widget-wrap\">\n\t\t\t\t\t\t<div data-dce-background-color=\"#FFFF33\" class=\"elementor-element elementor-element-09ad024 elementor-align-center elementor-widget elementor-widget-button\" data-id=\"09ad024\" data-element_type=\"widget\" data-widget_type=\"button.default\">\n\t\t\t\t<div class=\"elementor-widget-container\">\n\t\t\t\t\t<div class=\"elementor-button-wrapper\">\n\t\t\t<a href=\"https:\/\/www.academiaclinicadragao.com\/en\/hub-nutricao\/\" class=\"elementor-button-link elementor-button elementor-size-sm\" role=\"button\">\n\t\t\t\t\t\t<span class=\"elementor-button-content-wrapper\">\n\t\t\t\t\t\t<span class=\"elementor-button-text\">Back to Nutrition Hub<\/span>\n\t\t<\/span>\n\t\t\t\t\t<\/a>\n\t\t<\/div>\n\t\t\t\t<\/div>\n\t\t\t\t<\/div>\n\t\t\t\t\t\t<\/div>\n\t\t\t\t\t<\/div>\n\t\t<\/div>\n\t\t\t\t\t\t\t\t<\/div>\n\t\t\t\t\t<\/div>\n\t\t<\/section>\n\t\t\t\t\t\t\t\t\t<\/div>\n\t\t\t<\/div>\n\t\t\t\t\t<\/div>","protected":false},"excerpt":{"rendered":"<p>INSPIRATIONAL PROFESSIONALS MEET ANA ISABEL MONTEIRO PROFESSIONAL STAGE - NUTRITIONIST JANUARY 2019 - CURRENTClinical Nutrition in a clinical setting<\/p>","protected":false},"author":4,"featured_media":0,"parent":0,"menu_order":0,"comment_status":"closed","ping_status":"closed","template":"","meta":{"footnotes":""},"_links":{"self":[{"href":"https:\/\/www.academiaclinicadragao.com\/en\/wp-json\/wp\/v2\/pages\/35239"}],"collection":[{"href":"https:\/\/www.academiaclinicadragao.com\/en\/wp-json\/wp\/v2\/pages"}],"about":[{"href":"https:\/\/www.academiaclinicadragao.com\/en\/wp-json\/wp\/v2\/types\/page"}],"author":[{"embeddable":true,"href":"https:\/\/www.academiaclinicadragao.com\/en\/wp-json\/wp\/v2\/users\/4"}],"replies":[{"embeddable":true,"href":"https:\/\/www.academiaclinicadragao.com\/en\/wp-json\/wp\/v2\/comments?post=35239"}],"version-history":[{"count":0,"href":"https:\/\/www.academiaclinicadragao.com\/en\/wp-json\/wp\/v2\/pages\/35239\/revisions"}],"wp:attachment":[{"href":"https:\/\/www.academiaclinicadragao.com\/en\/wp-json\/wp\/v2\/media?parent=35239"}],"curies":[{"name":"wp","href":"https:\/\/api.w.org\/{rel}","templated":true}]}}