{"id":35846,"date":"2022-04-20T18:17:49","date_gmt":"2022-04-20T17:17:49","guid":{"rendered":"https:\/\/www.academiaclinicadragao.com\/?page_id=35846"},"modified":"2022-04-20T18:22:29","modified_gmt":"2022-04-20T17:22:29","slug":"nutricionista-ines-padua","status":"publish","type":"page","link":"https:\/\/www.academiaclinicadragao.com\/en\/nutricionista-ines-padua\/","title":{"rendered":"Nutritionist In\u00eas P\u00e1dua"},"content":{"rendered":"<div data-elementor-type=\"wp-page\" data-elementor-id=\"35846\" class=\"elementor elementor-35846\">\n\t\t\t\t\t\t<div class=\"elementor-inner\">\n\t\t\t\t<div class=\"elementor-section-wrap\">\n\t\t\t\t\t\t\t\t\t<section class=\"wd-negative-gap elementor-section elementor-top-section elementor-element elementor-element-b1ef47c elementor-section-stretched elementor-section-boxed elementor-section-height-default elementor-section-height-default wd-section-disabled\" data-id=\"b1ef47c\" data-element_type=\"section\" data-settings=\"{&quot;jet_parallax_layout_list&quot;:[],&quot;stretch_section&quot;:&quot;section-stretched&quot;,&quot;background_background&quot;:&quot;classic&quot;}\">\n\t\t\t\t\t\t<div class=\"elementor-container elementor-column-gap-default\">\n\t\t\t\t\t\t\t<div class=\"elementor-row\">\n\t\t\t\t\t<div class=\"elementor-column elementor-col-100 elementor-top-column elementor-element elementor-element-33a0c54\" data-id=\"33a0c54\" data-element_type=\"column\">\n\t\t\t<div class=\"elementor-column-wrap elementor-element-populated\">\n\t\t\t\t\t\t\t<div class=\"elementor-widget-wrap\">\n\t\t\t\t\t\t<section class=\"wd-negative-gap elementor-section elementor-inner-section elementor-element elementor-element-247d654 elementor-section-boxed elementor-section-height-default elementor-section-height-default wd-section-disabled\" data-id=\"247d654\" data-element_type=\"section\" data-settings=\"{&quot;jet_parallax_layout_list&quot;:[]}\">\n\t\t\t\t\t\t<div class=\"elementor-container elementor-column-gap-default\">\n\t\t\t\t\t\t\t<div class=\"elementor-row\">\n\t\t\t\t\t<div class=\"elementor-column elementor-col-100 elementor-inner-column elementor-element elementor-element-c3ae3ba\" data-id=\"c3ae3ba\" data-element_type=\"column\">\n\t\t\t<div class=\"elementor-column-wrap elementor-element-populated\">\n\t\t\t\t\t\t\t<div class=\"elementor-widget-wrap\">\n\t\t\t\t\t\t<div class=\"elementor-element elementor-element-29f9539 elementor-widget elementor-widget-heading\" data-id=\"29f9539\" data-element_type=\"widget\" data-widget_type=\"heading.default\">\n\t\t\t\t<div class=\"elementor-widget-container\">\n\t\t\t<h5 class=\"elementor-heading-title elementor-size-default\">INSPIRING PROFESSIONALS<\/h5>\t\t<\/div>\n\t\t\t\t<\/div>\n\t\t\t\t<div class=\"elementor-element elementor-element-86a45cd elementor-widget elementor-widget-heading\" data-id=\"86a45cd\" data-element_type=\"widget\" data-widget_type=\"heading.default\">\n\t\t\t\t<div class=\"elementor-widget-container\">\n\t\t\t<h2 class=\"elementor-heading-title elementor-size-default\">MEET In\u00eas P\u00e1dua\n<\/h2>\t\t<\/div>\n\t\t\t\t<\/div>\n\t\t\t\t\t\t<\/div>\n\t\t\t\t\t<\/div>\n\t\t<\/div>\n\t\t\t\t\t\t\t\t<\/div>\n\t\t\t\t\t<\/div>\n\t\t<\/section>\n\t\t\t\t\t\t<\/div>\n\t\t\t\t\t<\/div>\n\t\t<\/div>\n\t\t\t\t\t\t\t\t<\/div>\n\t\t\t\t\t<\/div>\n\t\t<\/section>\n\t\t\t\t<section class=\"wd-negative-gap elementor-section elementor-top-section elementor-element elementor-element-d0b5d80 elementor-section-boxed elementor-section-height-default elementor-section-height-default wd-section-disabled\" data-id=\"d0b5d80\" data-element_type=\"section\" data-settings=\"{&quot;jet_parallax_layout_list&quot;:[]}\">\n\t\t\t\t\t\t<div class=\"elementor-container elementor-column-gap-default\">\n\t\t\t\t\t\t\t<div class=\"elementor-row\">\n\t\t\t\t\t<div class=\"elementor-column elementor-col-50 elementor-top-column elementor-element elementor-element-8fa237a wd-elementor-sticky-column\" data-id=\"8fa237a\" data-element_type=\"column\">\n\t\t\t<div class=\"elementor-column-wrap elementor-element-populated\">\n\t\t\t\t\t\t\t<div class=\"elementor-widget-wrap\">\n\t\t\t\t\t\t<div class=\"elementor-element elementor-element-d7cf6ba elementor-widget elementor-widget-image\" data-id=\"d7cf6ba\" data-element_type=\"widget\" data-widget_type=\"image.default\">\n\t\t\t\t<div class=\"elementor-widget-container\">\n\t\t\t\t\t\t\t\t<div class=\"elementor-image\">\n\t\t\t\t\t\t\t\t\t\t\t\t<img loading=\"lazy\" decoding=\"async\" width=\"720\" height=\"1080\" src=\"https:\/\/www.academiaclinicadragao.com\/wp-content\/themes\/woodmart\/images\/lazy.png\" class=\"attachment-full size-full wp-image-35864 wd-lazy-load wd-lazy-fade\" alt=\"\" srcset=\"\" sizes=\"(max-width: 720px) 100vw, 720px\" data-wood-src=\"https:\/\/www.academiaclinicadragao.com\/wp-content\/uploads\/2022\/04\/Ines-Padua-1-scaled.jpg\" data-srcset=\"https:\/\/www.academiaclinicadragao.com\/wp-content\/uploads\/2022\/04\/Ines-Padua-1-scaled.jpg 720w, https:\/\/www.academiaclinicadragao.com\/wp-content\/uploads\/2022\/04\/Ines-Padua-1-scaled-150x225.jpg 150w, https:\/\/www.academiaclinicadragao.com\/wp-content\/uploads\/2022\/04\/Ines-Padua-1-scaled-600x900.jpg 600w, https:\/\/www.academiaclinicadragao.com\/wp-content\/uploads\/2022\/04\/Ines-Padua-1-200x300.jpg 200w, https:\/\/www.academiaclinicadragao.com\/wp-content\/uploads\/2022\/04\/Ines-Padua-1-683x1024.jpg 683w, https:\/\/www.academiaclinicadragao.com\/wp-content\/uploads\/2022\/04\/Ines-Padua-1-768x1152.jpg 768w, https:\/\/www.academiaclinicadragao.com\/wp-content\/uploads\/2022\/04\/Ines-Padua-1-1024x1536.jpg 1024w, https:\/\/www.academiaclinicadragao.com\/wp-content\/uploads\/2022\/04\/Ines-Padua-1-1365x2048.jpg 1365w\" \/>\t\t\t\t\t\t\t\t\t\t\t\t\t\t<\/div>\n\t\t\t\t\t\t<\/div>\n\t\t\t\t<\/div>\n\t\t\t\t\t\t<\/div>\n\t\t\t\t\t<\/div>\n\t\t<\/div>\n\t\t\t\t<div class=\"elementor-column elementor-col-50 elementor-top-column elementor-element elementor-element-0de99f1\" data-id=\"0de99f1\" data-element_type=\"column\">\n\t\t\t<div class=\"elementor-column-wrap elementor-element-populated\">\n\t\t\t\t\t\t\t<div class=\"elementor-widget-wrap\">\n\t\t\t\t\t\t<div class=\"elementor-element elementor-element-4b72fbd color-scheme-inherit text-left elementor-widget elementor-widget-text-editor\" data-id=\"4b72fbd\" data-element_type=\"widget\" data-widget_type=\"text-editor.default\">\n\t\t\t\t<div class=\"elementor-widget-container\">\n\t\t\t\t\t\t\t\t<div class=\"elementor-text-editor elementor-clearfix\">\n\t\t\t\t<h6><strong>Academic background<\/strong><\/h6><p><span style=\"font-weight: 400;\">Degree in Nutritional Sciences from Faculdade de Ci\u00eancias da Nutri\u00e7\u00e3o e Alimenta\u00e7\u00e3o da Universidade do Porto (2014)<\/span><\/p><p><span style=\"font-weight: 400;\">PhD in Food Consumption Sciences by Nutrition by the Faculties of Nutrition and Food Sciences and Sciences of the University of Porto (2018)<\/span><\/p><p><span style=\"font-weight: 400;\">Postgraduate degree in Pediatric Nutrition, Boston University School of Medicine (2021)\u00a0<\/span><\/p><h6><strong>Academic Activity<\/strong><\/h6><p><span style=\"font-weight: 400;\">Assistant Professor at Instituto Universit\u00e1rio de Ci\u00eancias da Sa\u00fade (CESPU)\u00a0<\/span><\/p><p><span style=\"font-weight: 400;\">Collaboration by invitation with several higher education institutions in pre and postgraduate training in the area of pediatric nutrition and nutrition and immunoallergic disease\u00a0<\/span><\/p><h6><strong>Other Professional Activities<\/strong><\/h6><p><span style=\"font-weight: 400;\">Nutritionist and founder of the Kids Food Allergy Project<\/span><\/p><p><span style=\"font-weight: 400;\">Clinical Nutritionist in the private sector<\/span><\/p><p><span style=\"font-weight: 400;\">Consultant at Alecrim - Food and Nutrition Consulting<\/span><\/p><h6><strong>Scientific Activity<\/strong><\/h6><p><span style=\"font-weight: 400;\">Integrated Researcher at EPIUnit - Institute of Public Health of the University of Porto and Laborat\u00f3rio para a Investiga\u00e7\u00e3o Integrativa e Translacional em Sa\u00fade Populacional\u00a0<\/span><\/p><p><span style=\"font-weight: 400;\">Principal Investigator of the FAC Project (Food Allergy Community Program)\u00a0<\/span><\/p><p><span style=\"font-weight: 400;\">Author of several publications in the area of food allergy and food education\u00a0<\/span><\/p><p><span style=\"font-weight: 400;\">Invited speaker at several national and international conferences and courses\u00a0\u00a0<\/span><\/p><h6><strong>Other<\/strong><\/h6><p><span style=\"font-weight: 400;\">Member of the Food Allergy Group of the Portuguese Society of Allergology and Clinical Immunology and of the European Academy of Allergology and Clinical Immunology\u00a0<\/span><\/p><p><span style=\"font-weight: 400;\">Member of the International Network for Diet and Nutrition in Allergy<\/span><\/p><p><span style=\"font-weight: 400;\">Member of scientific journal Rewier Boards\u00a0\u00a0<\/span><\/p>\t\t\t\t\t<\/div>\n\t\t\t\t\t\t<\/div>\n\t\t\t\t<\/div>\n\t\t\t\t\t\t<\/div>\n\t\t\t\t\t<\/div>\n\t\t<\/div>\n\t\t\t\t\t\t\t\t<\/div>\n\t\t\t\t\t<\/div>\n\t\t<\/section>\n\t\t\t\t<section class=\"wd-negative-gap elementor-section elementor-top-section elementor-element elementor-element-2c10429 elementor-section-boxed elementor-section-height-default elementor-section-height-default wd-section-disabled\" data-id=\"2c10429\" data-element_type=\"section\" data-settings=\"{&quot;jet_parallax_layout_list&quot;:[]}\">\n\t\t\t\t\t\t<div class=\"elementor-container elementor-column-gap-default\">\n\t\t\t\t\t\t\t<div class=\"elementor-row\">\n\t\t\t\t\t<div class=\"elementor-column elementor-col-100 elementor-top-column elementor-element elementor-element-7394dcc\" data-id=\"7394dcc\" data-element_type=\"column\">\n\t\t\t<div class=\"elementor-column-wrap elementor-element-populated\">\n\t\t\t\t\t\t\t<div class=\"elementor-widget-wrap\">\n\t\t\t\t\t\t<div data-dce-background-color=\"#FFFF33\" class=\"elementor-element elementor-element-09ad024 elementor-align-center elementor-widget elementor-widget-button\" data-id=\"09ad024\" data-element_type=\"widget\" data-widget_type=\"button.default\">\n\t\t\t\t<div class=\"elementor-widget-container\">\n\t\t\t\t\t<div class=\"elementor-button-wrapper\">\n\t\t\t<a href=\"https:\/\/www.academiaclinicadragao.com\/en\/hub-nutricao\/\" class=\"elementor-button-link elementor-button elementor-size-sm\" role=\"button\">\n\t\t\t\t\t\t<span class=\"elementor-button-content-wrapper\">\n\t\t\t\t\t\t<span class=\"elementor-button-text\">Back to Nutrition Hub<\/span>\n\t\t<\/span>\n\t\t\t\t\t<\/a>\n\t\t<\/div>\n\t\t\t\t<\/div>\n\t\t\t\t<\/div>\n\t\t\t\t\t\t<\/div>\n\t\t\t\t\t<\/div>\n\t\t<\/div>\n\t\t\t\t\t\t\t\t<\/div>\n\t\t\t\t\t<\/div>\n\t\t<\/section>\n\t\t\t\t\t\t\t\t\t<\/div>\n\t\t\t<\/div>\n\t\t\t\t\t<\/div>","protected":false},"excerpt":{"rendered":"<p>INSPIRING PROFESSIONALS MEET In\u00eas P\u00e1dua Academic background Graduated in Nutrition Sciences from the Faculty of Nutrition Sciences and Human Resources.<\/p>","protected":false},"author":4,"featured_media":0,"parent":0,"menu_order":0,"comment_status":"closed","ping_status":"closed","template":"","meta":{"footnotes":""},"_links":{"self":[{"href":"https:\/\/www.academiaclinicadragao.com\/en\/wp-json\/wp\/v2\/pages\/35846"}],"collection":[{"href":"https:\/\/www.academiaclinicadragao.com\/en\/wp-json\/wp\/v2\/pages"}],"about":[{"href":"https:\/\/www.academiaclinicadragao.com\/en\/wp-json\/wp\/v2\/types\/page"}],"author":[{"embeddable":true,"href":"https:\/\/www.academiaclinicadragao.com\/en\/wp-json\/wp\/v2\/users\/4"}],"replies":[{"embeddable":true,"href":"https:\/\/www.academiaclinicadragao.com\/en\/wp-json\/wp\/v2\/comments?post=35846"}],"version-history":[{"count":0,"href":"https:\/\/www.academiaclinicadragao.com\/en\/wp-json\/wp\/v2\/pages\/35846\/revisions"}],"wp:attachment":[{"href":"https:\/\/www.academiaclinicadragao.com\/en\/wp-json\/wp\/v2\/media?parent=35846"}],"curies":[{"name":"wp","href":"https:\/\/api.w.org\/{rel}","templated":true}]}}