{"id":82356,"date":"2025-06-23T11:23:45","date_gmt":"2025-06-23T10:23:45","guid":{"rendered":"https:\/\/www.academiaclinicadragao.com\/?page_id=82356"},"modified":"2025-06-23T11:26:06","modified_gmt":"2025-06-23T10:26:06","slug":"nutrilink-3ano","status":"publish","type":"page","link":"https:\/\/www.academiaclinicadragao.com\/en\/nutrilink-3ano\/","title":{"rendered":"Nutrilink 3rd Year"},"content":{"rendered":"<div data-elementor-type=\"wp-page\" data-elementor-id=\"82356\" class=\"elementor elementor-82356\">\n\t\t\t\t\t\t<div class=\"elementor-inner\">\n\t\t\t\t<div class=\"elementor-section-wrap\">\n\t\t\t\t\t\t\t\t\t<section class=\"wd-negative-gap elementor-section elementor-top-section elementor-element elementor-element-68e8043 elementor-section-boxed elementor-section-height-default elementor-section-height-default wd-section-disabled\" data-id=\"68e8043\" data-element_type=\"section\" data-settings=\"{&quot;jet_parallax_layout_list&quot;:[]}\">\n\t\t\t\t\t\t<div class=\"elementor-container elementor-column-gap-default\">\n\t\t\t\t\t\t\t<div class=\"elementor-row\">\n\t\t\t\t\t<div class=\"elementor-column elementor-col-100 elementor-top-column elementor-element elementor-element-e2b2132\" data-id=\"e2b2132\" data-element_type=\"column\">\n\t\t\t<div class=\"elementor-column-wrap elementor-element-populated\">\n\t\t\t\t\t\t\t<div class=\"elementor-widget-wrap\">\n\t\t\t\t\t\t<div class=\"elementor-element elementor-element-256def5 elementor-widget elementor-widget-wd_title\" data-id=\"256def5\" data-element_type=\"widget\" data-widget_type=\"wd_title.default\">\n\t\t\t\t<div class=\"elementor-widget-container\">\n\t\t\t\t\t<div class=\"title-wrapper set-mb-s reset-last-child wd-title-color-default wd-title-style-default wd-title-size-default text-center\">\n\n\t\t\t\n\t\t\t<div class=\"liner-continer\">\n\t\t\t\t<h4 class=\"woodmart-title-container title wd-fontsize-l\">Nutrilink Premium - 3rd year of subscription<\/h4> \n\t\t\t\t\t\t\t<\/div>\n\n\t\t\t\t\t\t\t<div class=\"title-after_title set-cont-mb-s reset-last-child wd-fontsize-xs\">\n\t\t\t\t\t<p>Please choose your payment option. You will be redirected to the checkout page.<\/p>\t\t\t\t<\/div>\n\t\t\t\t\t<\/div>\n\t\t\t\t<\/div>\n\t\t\t\t<\/div>\n\t\t\t\t\t\t<\/div>\n\t\t\t\t\t<\/div>\n\t\t<\/div>\n\t\t\t\t\t\t\t\t<\/div>\n\t\t\t\t\t<\/div>\n\t\t<\/section>\n\t\t\t\t<section class=\"wd-negative-gap elementor-section elementor-top-section elementor-element elementor-element-2464e24 elementor-section-boxed elementor-section-height-default elementor-section-height-default wd-section-disabled\" data-id=\"2464e24\" data-element_type=\"section\" data-settings=\"{&quot;jet_parallax_layout_list&quot;:[]}\">\n\t\t\t\t\t\t<div class=\"elementor-container elementor-column-gap-default\">\n\t\t\t\t\t\t\t<div class=\"elementor-row\">\n\t\t\t\t\t<div class=\"elementor-column elementor-col-100 elementor-top-column elementor-element elementor-element-5f5d3cb\" data-id=\"5f5d3cb\" data-element_type=\"column\">\n\t\t\t<div class=\"elementor-column-wrap elementor-element-populated\">\n\t\t\t\t\t\t\t<div class=\"elementor-widget-wrap\">\n\t\t\t\t\t\t<div class=\"elementor-element elementor-element-54b0485 elementor-button-align-stretch elementor-widget elementor-widget-form\" data-id=\"54b0485\" data-element_type=\"widget\" data-settings=\"{&quot;step_next_label&quot;:&quot;Next&quot;,&quot;step_previous_label&quot;:&quot;Previous&quot;,&quot;button_width&quot;:&quot;100&quot;,&quot;dce_confirm_dialog_enabled&quot;:&quot;no&quot;,&quot;step_type&quot;:&quot;number_text&quot;,&quot;step_icon_shape&quot;:&quot;circle&quot;}\" data-widget_type=\"form.default\">\n\t\t\t\t<div class=\"elementor-widget-container\">\n\t\t\t<div class=\"dce-conditions-js-error-notice elementor-message elementor-message-danger\" style=\"display: none;\">A problem was detected in the following Form. Submitting it could result in errors. Please contact the site administrator.<\/div>\t\t\t<script>\n\t\t\tsetTimeout(function() {\n\t\t\t\tlet el = document.querySelector(\".dce-conditions-js-error-notice\");\n\t\t\t\tif (el)\n\t\t\t\t\tel.style.display = \"block\";\n\t\t\t}, 2000);\n\t\t\t<\/script>\t\t<form class=\"elementor-form\" method=\"post\" name=\"formnutrilink2\" action=\"\">\n\t\t\t<input type=\"hidden\" name=\"post_id\" value=\"82356\"\/>\n\t\t\t<input type=\"hidden\" name=\"form_id\" value=\"54b0485\"\/>\n\t\t\t<input type=\"hidden\" name=\"referer_title\" value=\"\" \/>\n\n\t\t\t\n\t\t\t<div data-field-conditions=\"[{&quot;id&quot;:&quot;field_7fac63a&quot;,&quot;condition&quot;:&quot;(field_62d4406 == \\&quot;pp\\&quot; or field_62d4406 == \\&quot;2x\\&quot;)&quot;,&quot;mode&quot;:&quot;show&quot;,&quot;disableOnly&quot;:false}]\" data-field-ids=\"[&quot;field_62d4406&quot;,&quot;field_7fac63a&quot;]\" class=\"elementor-form-fields-wrapper elementor-labels-above\">\n\t\t\t\t\t\t\t\t<div class=\"elementor-field-type-radio elementor-field-group elementor-column elementor-field-group-field_62d4406 elementor-col-100 elementor-field-required\">\n\t\t\t\t\t\t\t\t\t\t\t\t<label for=\"form-field-field_62d4406\" class=\"elementor-field-label\">\n\t\t\t\t\t\t\t\tPayment preference\t\t\t\t\t\t\t<\/label>\n\t\t\t\t\t\t<div class=\"elementor-field-subgroup\"><span class=\"elementor-field-option\"><input type=\"radio\" value=\"pp\" id=\"form-field-field_62d4406-0\" name=\"form_fields[field_62d4406]\" required=\"required\" aria-required=\"true\"> <label for=\"form-field-field_62d4406-0\">Prompt payment<\/label><\/span><span class=\"elementor-field-option\"><input type=\"radio\" value=\"2x\" id=\"form-field-field_62d4406-1\" name=\"form_fields[field_62d4406]\" required=\"required\" aria-required=\"true\"> <label for=\"form-field-field_62d4406-1\">2x without interest<\/label><\/span><\/div>\t\t\t\t<\/div>\n\t\t\t\t\t\t\t\t<div class=\"elementor-field-type-html elementor-field-group elementor-column elementor-field-group-field_7fac63a elementor-col-100\">\n\t\t\t\t\t<b>Value<\/b>: 285\u20ac\t\t\t\t<\/div>\n\t\t\t\t\t\t\t\t<div class=\"elementor-field-group elementor-column elementor-field-type-submit elementor-col-100 e-form__buttons\">\n\t\t\t\t\t<button type=\"submit\" class=\"elementor-button elementor-size-sm\">\n\t\t\t\t\t\t<span >\n\t\t\t\t\t\t\t\t\t\t\t\t\t\t\t<span class=\"elementor-button-icon\">\n\t\t\t\t\t\t\t\t\t\t\t\t\t\t\t\t\t\t\t\t\t\t\t\t\t\t<\/span>\n\t\t\t\t\t\t\t\t\t\t\t\t\t\t\t\t\t\t\t\t\t\t<span class=\"elementor-button-text\">CONTINUE<\/span>\n\t\t\t\t\t\t\t\t\t\t\t\t\t<\/span>\n\t\t\t\t\t<\/button>\n\t\t\t\t<\/div>\n\t\t\t<\/div>\n\t\t<input type=\"hidden\" name=\"trp-form-language\" value=\"en\"\/><\/form>\n\t\t\t\t<\/div>\n\t\t\t\t<\/div>\n\t\t\t\t\t\t<\/div>\n\t\t\t\t\t<\/div>\n\t\t<\/div>\n\t\t\t\t\t\t\t\t<\/div>\n\t\t\t\t\t<\/div>\n\t\t<\/section>\n\t\t\t\t\t\t\t\t\t<\/div>\n\t\t\t<\/div>\n\t\t\t\t\t<\/div>","protected":false},"excerpt":{"rendered":"<p>Nutrilink Premium &#8211; 3\u00ba ano de subscri\u00e7\u00e3o Por favor fa\u00e7a a sua op\u00e7\u00e3o de pagamento. Ser\u00e1 redirecionado para a p\u00e1gina<\/p>","protected":false},"author":1,"featured_media":0,"parent":0,"menu_order":0,"comment_status":"closed","ping_status":"closed","template":"","meta":{"footnotes":""},"_links":{"self":[{"href":"https:\/\/www.academiaclinicadragao.com\/en\/wp-json\/wp\/v2\/pages\/82356"}],"collection":[{"href":"https:\/\/www.academiaclinicadragao.com\/en\/wp-json\/wp\/v2\/pages"}],"about":[{"href":"https:\/\/www.academiaclinicadragao.com\/en\/wp-json\/wp\/v2\/types\/page"}],"author":[{"embeddable":true,"href":"https:\/\/www.academiaclinicadragao.com\/en\/wp-json\/wp\/v2\/users\/1"}],"replies":[{"embeddable":true,"href":"https:\/\/www.academiaclinicadragao.com\/en\/wp-json\/wp\/v2\/comments?post=82356"}],"version-history":[{"count":4,"href":"https:\/\/www.academiaclinicadragao.com\/en\/wp-json\/wp\/v2\/pages\/82356\/revisions"}],"predecessor-version":[{"id":82360,"href":"https:\/\/www.academiaclinicadragao.com\/en\/wp-json\/wp\/v2\/pages\/82356\/revisions\/82360"}],"wp:attachment":[{"href":"https:\/\/www.academiaclinicadragao.com\/en\/wp-json\/wp\/v2\/media?parent=82356"}],"curies":[{"name":"wp","href":"https:\/\/api.w.org\/{rel}","templated":true}]}}