{"id":85014,"date":"2025-10-31T14:54:56","date_gmt":"2025-10-31T14:54:56","guid":{"rendered":"https:\/\/www.academiaclinicadragao.com\/?page_id=85014"},"modified":"2025-10-31T15:00:49","modified_gmt":"2025-10-31T15:00:49","slug":"teste-2","status":"publish","type":"page","link":"https:\/\/www.academiaclinicadragao.com\/en\/teste-2\/","title":{"rendered":"Test"},"content":{"rendered":"<p>Select an option<\/p>\n<p>&nbsp;<\/p>\n<p>Portuguese Citizen<\/p>\n<p>&nbsp;<\/p>\n<p>Other Nationalities<\/p>\n<p>&nbsp;<\/p>\n<p>If necessary, please provide us with any additional information<\/p>","protected":false},"excerpt":{"rendered":"<p>Selecione uma op\u00e7\u00e3o &nbsp; Cidad\u00e3o Portugu\u00eas &nbsp; Outras Nacionalidades &nbsp; Se necess\u00e1rio, indique-nos alguma informa\u00e7\u00e3o adicional<\/p>","protected":false},"author":1,"featured_media":0,"parent":0,"menu_order":0,"comment_status":"closed","ping_status":"closed","template":"","meta":{"footnotes":""},"_links":{"self":[{"href":"https:\/\/www.academiaclinicadragao.com\/en\/wp-json\/wp\/v2\/pages\/85014"}],"collection":[{"href":"https:\/\/www.academiaclinicadragao.com\/en\/wp-json\/wp\/v2\/pages"}],"about":[{"href":"https:\/\/www.academiaclinicadragao.com\/en\/wp-json\/wp\/v2\/types\/page"}],"author":[{"embeddable":true,"href":"https:\/\/www.academiaclinicadragao.com\/en\/wp-json\/wp\/v2\/users\/1"}],"replies":[{"embeddable":true,"href":"https:\/\/www.academiaclinicadragao.com\/en\/wp-json\/wp\/v2\/comments?post=85014"}],"version-history":[{"count":2,"href":"https:\/\/www.academiaclinicadragao.com\/en\/wp-json\/wp\/v2\/pages\/85014\/revisions"}],"predecessor-version":[{"id":85016,"href":"https:\/\/www.academiaclinicadragao.com\/en\/wp-json\/wp\/v2\/pages\/85014\/revisions\/85016"}],"wp:attachment":[{"href":"https:\/\/www.academiaclinicadragao.com\/en\/wp-json\/wp\/v2\/media?parent=85014"}],"curies":[{"name":"wp","href":"https:\/\/api.w.org\/{rel}","templated":true}]}}