{"id":34598,"date":"2021-11-01T00:00:00","date_gmt":"2021-11-01T00:00:00","guid":{"rendered":"https:\/\/www.academiaclinicadragao.com\/?post_type=product&#038;p=34598"},"modified":"2025-10-28T15:18:05","modified_gmt":"2025-10-28T15:18:05","slug":"curso-de-introducao-a-anatomia-de-superficie","status":"publish","type":"product","link":"https:\/\/www.academiaclinicadragao.com\/en\/produto\/curso-de-introducao-a-anatomia-de-superficie\/","title":{"rendered":"Introductory course to surface anatomy"},"content":{"rendered":"<p>In this class there will be presented the premises for manual surface investigation, as well as the development of exercises, in the foot and ankle, of identification and recognition of:<\/p>\n<ul>\n<li>Tendons<\/li>\n<li>Bone references<\/li>\n<li>Arteries<\/li>\n<li>Ligaments<\/li>\n<li>Fascial tissue<\/li>\n<\/ul>\n<p>The exercises are performed in a real model, presented with anatomical detail and considerations on the importance of:<\/p>\n<ul>\n<li>Have awareness and be capable of mentally representing the descriptive anatomy, spatial distribution and morphology of different anatomical structures.<\/li>\n<li>Define and identify structures through their interrelation and spatial convergence in the body.<\/li>\n<li>Define and identify structures requesting their muscle recruitment.<\/li>\n<li>We invite you to take this class immoderately, while sharing with you a guiding principle of Academia Cl\u00ednicas Espregueira \u2013 \u201c\u2026to follow the path recommended by the latest evidence and best practices is a condition for excellence in the provision of health services and an exercise of humanity\u201d.<\/li>\n<\/ul>\n<p><strong>Welcome to Academia Cl\u00ednicas Espregueira!<\/strong><\/p>","protected":false},"excerpt":{"rendered":"<p>Na aula apresentam-se as premissas para a investiga\u00e7\u00e3o manual de superf\u00edcie, desenvolvendo-se exerc\u00edcios, no p\u00e9 e tornozelo, de identifica\u00e7\u00e3o e reconhecimento&#8230;<\/p>","protected":false},"featured_media":61941,"template":"","meta":[],"product_cat":[83],"product_tag":[],"_links":{"self":[{"href":"https:\/\/www.academiaclinicadragao.com\/en\/wp-json\/wp\/v2\/product\/34598"}],"collection":[{"href":"https:\/\/www.academiaclinicadragao.com\/en\/wp-json\/wp\/v2\/product"}],"about":[{"href":"https:\/\/www.academiaclinicadragao.com\/en\/wp-json\/wp\/v2\/types\/product"}],"version-history":[{"count":1,"href":"https:\/\/www.academiaclinicadragao.com\/en\/wp-json\/wp\/v2\/product\/34598\/revisions"}],"predecessor-version":[{"id":61942,"href":"https:\/\/www.academiaclinicadragao.com\/en\/wp-json\/wp\/v2\/product\/34598\/revisions\/61942"}],"wp:featuredmedia":[{"embeddable":true,"href":"https:\/\/www.academiaclinicadragao.com\/en\/wp-json\/wp\/v2\/media\/61941"}],"wp:attachment":[{"href":"https:\/\/www.academiaclinicadragao.com\/en\/wp-json\/wp\/v2\/media?parent=34598"}],"wp:term":[{"taxonomy":"product_cat","embeddable":true,"href":"https:\/\/www.academiaclinicadragao.com\/en\/wp-json\/wp\/v2\/product_cat?post=34598"},{"taxonomy":"product_tag","embeddable":true,"href":"https:\/\/www.academiaclinicadragao.com\/en\/wp-json\/wp\/v2\/product_tag?post=34598"}],"curies":[{"name":"wp","href":"https:\/\/api.w.org\/{rel}","templated":true}]}}